{"id":1002,"date":"2017-08-03T08:56:57","date_gmt":"2017-08-03T08:56:57","guid":{"rendered":"http:\/\/hpo.b5f.myftpupload.com\/?page_id=1002"},"modified":"2025-04-01T07:38:05","modified_gmt":"2025-04-01T07:38:05","slug":"accueil","status":"publish","type":"page","link":"https:\/\/triadconstruction.ca\/fr\/","title":{"rendered":"Accueil"},"content":{"rendered":"<div class=\"wpb-content-wrapper\">[vc_row fullwidth=\u00a0\u00bbtrue\u00a0\u00bb][vc_column][layerslider_vc id=\u00a0\u00bb2&Prime;][\/vc_column][\/vc_row][vc_row fullwidth=\u00a0\u00bbtrue\u00a0\u00bb equal_columns=\u00a0\u00bbtrue\u00a0\u00bb css=\u00a0\u00bb.vc_custom_1525400489680{background-image: url(http:\/\/hpo.b5f.myftpupload.com\/wp-content\/uploads\/2018\/05\/homepage-background-1.jpg?id=621) !important;background-position: center !important;background-repeat: no-repeat !important;background-size: cover !important;}\u00a0\u00bb][vc_column width=\u00a0\u00bb1\/2&Prime; css=\u00a0\u00bb.vc_custom_1525311083965{padding-top: 5% !important;padding-right: 3% !important;padding-left: 3% !important;}\u00a0\u00bb][vc_column_text css=\u00a0\u00bb.vc_custom_1613628015010{margin-bottom: 0px !important;}\u00a0\u00bb]\n<h4>En tant qu\u2019entrepreneur g\u00e9n\u00e9ral nous offrons :<\/h4>\n<p>\u2022 Construction industrielle<br \/>\n\u2022 Constructions institutionnelles<br \/>\n\u2022 Constructions commerciales<br \/>\n\u2022 Constructions r\u00e9sidentielles<br \/>\n\u2022 Gestion de construction<br \/>\n\u2022 R\u00e9novation et construction neuve<\/p>\n<h4>Construction cl\u00e9 en main<\/h4>\n<p>Au fil des ann\u00e9es, Triad a d\u00e9velopp\u00e9 une expertise dans les projets de construction de type clef en main. Nous avons beaucoup d\u2019exp\u00e9rience dans la conception, la construction et la livraison des projets de nos clients. Qu&rsquo;il s&rsquo;agisse de d\u00e9veloppements r\u00e9sidentiels, batiments a etages miltiples, am\u00e9liorations locatives ou d&rsquo;am\u00e9nagement int\u00e9rieur, nos experts en gestion de construction sont l\u00e0 pour prendre votre projet en main.<\/p>\n<h4>Une gestion de construction experte et exp\u00e9riment\u00e9e \u00e0 votre service<\/h4>\n<p>En tant qu\u2019entrepreneur g\u00e9n\u00e9ral, nous sommes reconnus pour notre rapidit\u00e9 d\u2019ex\u00e9cution, notre professionnalisme et la qualit\u00e9 de notre travail. Notre objectif est de gagner la confiance et la loyaut\u00e9 mutuelle de nos clients. La majorit\u00e9 de nos contrats proviennent de r\u00e9f\u00e9rences. Notre relation client se traduit par des relations de confiance r\u00e9ciproques avec nos partenaires, fournisseurs et sous-traitants.[\/vc_column_text][mk_padding_divider size=\u00a0\u00bb80&Prime;][\/vc_column][vc_column width=\u00a0\u00bb1\/2&Prime; css=\u00a0\u00bb.vc_custom_1525310805671{padding-top: 20px !important;}\u00a0\u00bb][mk_image src=\u00a0\u00bbhttp:\/\/hpo.b5f.myftpupload.com\/wp-content\/uploads\/2021\/02\/homepage-background-side-image.jpg\u00a0\u00bb image_size=\u00a0\u00bbfull\u00a0\u00bb align=\u00a0\u00bbright\u00a0\u00bb margin_bottom=\u00a0\u00bb0&Prime;][\/vc_column][\/vc_row][vc_row][vc_column][mk_padding_divider size=\u00a0\u00bb120&Prime;][vc_column_text css=\u00a0\u00bb.vc_custom_1527220428395{margin-bottom: 0px !important;}\u00a0\u00bb]\n<h2 style=\"text-align: center;\">Portfolio<\/h2>\n<p style=\"text-align: center;\">Veuillez s\u00e9lectionner une galerie pour voir notre travail.<\/p>\n[\/vc_column_text][\/vc_column][\/vc_row][mk_page_section vertical_align=\u00a0\u00bbbottom\u00a0\u00bb bg_image=\u00a0\u00bbhttp:\/\/hpo.b5f.myftpupload.com\/wp-content\/uploads\/2018\/05\/homepage-background-triad.png\u00a0\u00bb bg_position=\u00a0\u00bbcenter center\u00a0\u00bb bg_repeat=\u00a0\u00bbno-repeat\u00a0\u00bb min_height=\u00a0\u00bb700&Prime; padding_top=\u00a0\u00bb30&Prime; margin_bottom=\u00a0\u00bb10%\u00a0\u00bb sidebar=\u00a0\u00bbsidebar-1&Prime;][vc_column][mk_gallery images=\u00a0\u00bb1398,1754,1752,1756,1750&Prime; custom_links=\u00a0\u00bbportfolio\/?term=commercial,portfolio\/?term=industrial,portfolio\/?term=retail,portfolio\/?term=institutional,portfolio\/?term=residential\u00a0\u00bb style=\u00a0\u00bbstyle1&Prime; item_spacing=\u00a0\u00bb20&Prime; disable_title=\u00a0\u00bbtrue\u00a0\u00bb orderby=\u00a0\u00bbpost__in\u00a0\u00bb][\/vc_column][\/mk_page_section][mk_page_section bg_image=\u00a0\u00bbhttp:\/\/hpo.b5f.myftpupload.com\/wp-content\/uploads\/2021\/02\/homepage-about-us.jpg\u00a0\u00bb bg_position=\u00a0\u00bbcenter top\u00a0\u00bb bg_repeat=\u00a0\u00bbno-repeat\u00a0\u00bb bg_stretch=\u00a0\u00bbtrue\u00a0\u00bb min_height=\u00a0\u00bb700&Prime; padding_top=\u00a0\u00bb30&Prime; sidebar=\u00a0\u00bbsidebar-1&Prime;][vc_column width=\u00a0\u00bb1\/2&Prime;][\/vc_column][vc_column width=\u00a0\u00bb1\/2&Prime; css=\u00a0\u00bb.vc_custom_1525401018630{margin-top: 0px !important;margin-bottom: 0px !important;padding-top: 8% !important;padding-left: 10% !important;}\u00a0\u00bb][vc_single_image image=\u00a0\u00bb626&Prime; img_size=\u00a0\u00bbfull\u00a0\u00bb][vc_column_text css=\u00a0\u00bb.vc_custom_1613628055986{margin-bottom: 0px !important;}\u00a0\u00bb]\n<h3>\u00c0 propos<\/h3>\n<p>Nous sommes un entrepreneur g\u00e9n\u00e9ral situ\u00e9 \u00e0 Montr\u00e9al qui se sp\u00e9cialise dans la gestion de construction et qui op\u00e8re \u00e0 travers le Qu\u00e9bec et une partie de l\u2019Ontario.<\/p>\n<p>Que le choix du client s\u2019arr\u00eate sur une construction neuve ou une r\u00e9novation, l\u2019entreprise est pass\u00e9 ma\u00eetre dans les projets clef en main, la construction industrielle, commerciale ainsi que dans la construction institutionnelle et r\u00e9sidentielle.[\/vc_column_text][mk_button dimension=\u00a0\u00bbflat\u00a0\u00bb size=\u00a0\u00bblarge\u00a0\u00bb url=\u00a0\u00bbhttp:\/\/hpo.b5f.myftpupload.com\/fr\/profil-entreprise\/\u00a0\u00bb bg_color=\u00a0\u00bb#02327e\u00a0\u00bb]LIRE LA SUITE[\/mk_button][\/vc_column][\/mk_page_section][mk_page_section bg_image=\u00a0\u00bbhttps:\/\/triadconstruction.ca\/wp-content\/uploads\/2025\/04\/map-1.jpg\u00a0\u00bb bg_position=\u00a0\u00bbcenter top\u00a0\u00bb bg_repeat=\u00a0\u00bbno-repeat\u00a0\u00bb bg_stretch=\u00a0\u00bbtrue\u00a0\u00bb min_height=\u00a0\u00bb700&Prime; padding_top=\u00a0\u00bb30&Prime; sidebar=\u00a0\u00bbsidebar-1&Prime;][vc_column][vc_column_text css=\u00a0\u00bb.vc_custom_1743491587545{margin-bottom: 0px !important;}\u00a0\u00bb]\n<h2 style=\"text-align: center;\">Notre Emplacement<\/h2>\n<p style=\"text-align: center;\">397 Ave Sainte-Croix<br \/>\nSt-Laurent, QC Canada H4N 2L3<\/p>\n[\/vc_column_text][\/vc_column][\/mk_page_section]\n<\/div>","protected":false},"excerpt":{"rendered":"<p>[vc_row fullwidth=\u00a0\u00bbtrue\u00a0\u00bb][vc_column][layerslider_vc id=\u00a0\u00bb2&Prime;][\/vc_column][\/vc_row][vc_row fullwidth=\u00a0\u00bbtrue\u00a0\u00bb equal_columns=\u00a0\u00bbtrue\u00a0\u00bb css=\u00a0\u00bb.vc_custom_1525400489680{background-image: url(http:\/\/hpo.b5f.myftpupload.com\/wp-content\/uploads\/2018\/05\/homepage-background-1.jpg?id=621) !important;background-position: center !important;background-repeat: no-repeat !important;background-size: cover !important;}\u00a0\u00bb][vc_column width=\u00a0\u00bb1\/2&Prime; css=\u00a0\u00bb.vc_custom_1525311083965{padding-top: 5% !important;padding-right: 3% !important;padding-left: 3% !important;}\u00a0\u00bb][vc_column_text css=\u00a0\u00bb.vc_custom_1613628015010{margin-bottom: 0px !important;}\u00a0\u00bb] En tant qu\u2019entrepreneur g\u00e9n\u00e9ral nous offrons : \u2022 Construction industrielle \u2022 Constructions institutionnelles \u2022 Constructions commerciales \u2022 Constructions r\u00e9sidentielles \u2022 Gestion de construction \u2022 R\u00e9novation et construction neuve Construction cl\u00e9 [&hellip;]<\/p>\n","protected":false},"author":1,"featured_media":0,"parent":0,"menu_order":0,"comment_status":"closed","ping_status":"closed","template":"","meta":{"footnotes":""},"class_list":["post-1002","page","type-page","status-publish","hentry"],"_links":{"self":[{"href":"https:\/\/triadconstruction.ca\/fr\/wp-json\/wp\/v2\/pages\/1002","targetHints":{"allow":["GET"]}}],"collection":[{"href":"https:\/\/triadconstruction.ca\/fr\/wp-json\/wp\/v2\/pages"}],"about":[{"href":"https:\/\/triadconstruction.ca\/fr\/wp-json\/wp\/v2\/types\/page"}],"author":[{"embeddable":true,"href":"https:\/\/triadconstruction.ca\/fr\/wp-json\/wp\/v2\/users\/1"}],"replies":[{"embeddable":true,"href":"https:\/\/triadconstruction.ca\/fr\/wp-json\/wp\/v2\/comments?post=1002"}],"version-history":[{"count":23,"href":"https:\/\/triadconstruction.ca\/fr\/wp-json\/wp\/v2\/pages\/1002\/revisions"}],"predecessor-version":[{"id":1758,"href":"https:\/\/triadconstruction.ca\/fr\/wp-json\/wp\/v2\/pages\/1002\/revisions\/1758"}],"wp:attachment":[{"href":"https:\/\/triadconstruction.ca\/fr\/wp-json\/wp\/v2\/media?parent=1002"}],"curies":[{"name":"wp","href":"https:\/\/api.w.org\/{rel}","templated":true}]}}