{"id":986,"date":"2017-08-04T10:44:29","date_gmt":"2017-08-04T10:44:29","guid":{"rendered":"http:\/\/hpo.b5f.myftpupload.com\/?page_id=986"},"modified":"2024-08-14T20:24:06","modified_gmt":"2024-08-14T20:24:06","slug":"profil-entreprise","status":"publish","type":"page","link":"https:\/\/triadconstruction.ca\/fr\/profil-entreprise\/","title":{"rendered":"Profil de l&rsquo;entreprise"},"content":{"rendered":"<div class=\"wpb-content-wrapper\">[mk_page_section bg_image=\u00a0\u00bbhttps:\/\/triadconstruction.ca\/wp-content\/uploads\/2024\/08\/triad-construction-company-profile.jpg\u00a0\u00bb bg_position=\u00a0\u00bbcenter center\u00a0\u00bb bg_repeat=\u00a0\u00bbno-repeat\u00a0\u00bb bg_stretch=\u00a0\u00bbtrue\u00a0\u00bb video_color_mask=\u00a0\u00bb#000000&Prime; video_opacity=\u00a0\u00bb0.3&Prime; min_height=\u00a0\u00bb675&Prime; js_vertical_centered=\u00a0\u00bbtrue\u00a0\u00bb sidebar=\u00a0\u00bbsidebar-1&Prime;][vc_column][mk_fancy_title tag_name=\u00a0\u00bbh1&Prime; color=\u00a0\u00bb#ffffff\u00a0\u00bb size=\u00a0\u00bb65&Prime; force_font_size=\u00a0\u00bbtrue\u00a0\u00bb size_tablet=\u00a0\u00bb50&Prime; font_weight=\u00a0\u00bbbold\u00a0\u00bb txt_transform=\u00a0\u00bbnone\u00a0\u00bb font_family=\u00a0\u00bbnone\u00a0\u00bb align=\u00a0\u00bbcenter\u00a0\u00bb]Profil de l&rsquo;entreprise[\/mk_fancy_title][mk_padding_divider size=\u00a0\u00bb30&Prime;][mk_fancy_title tag_name=\u00a0\u00bbspan\u00a0\u00bb color=\u00a0\u00bb#ffffff\u00a0\u00bb size=\u00a0\u00bb30&Prime; force_font_size=\u00a0\u00bbtrue\u00a0\u00bb size_tablet=\u00a0\u00bb20&Prime; size_phone=\u00a0\u00bb20&Prime; font_weight=\u00a0\u00bb400&Prime; txt_transform=\u00a0\u00bbnone\u00a0\u00bb font_family=\u00a0\u00bbnone\u00a0\u00bb align=\u00a0\u00bbcenter\u00a0\u00bb]D\u00e9couvrez-nous[\/mk_fancy_title][\/vc_column][\/mk_page_section][vc_row][vc_column][mk_padding_divider size=\u00a0\u00bb120&Prime;][\/vc_column][\/vc_row][vc_row][vc_column width=\u00a0\u00bb1\/6&Prime;][\/vc_column][vc_column width=\u00a0\u00bb2\/3&Prime;][mk_fancy_title tag_name=\u00a0\u00bbh3&Prime; color=\u00a0\u00bb#222222&Prime; size=\u00a0\u00bb48&Prime; force_font_size=\u00a0\u00bbtrue\u00a0\u00bb size_tablet=\u00a0\u00bb35&Prime; font_weight=\u00a0\u00bb400&Prime; txt_transform=\u00a0\u00bbnone\u00a0\u00bb font_family=\u00a0\u00bbnone\u00a0\u00bb]G\u00e9n\u00e9ral:[\/mk_fancy_title][vc_column_text css=\u00a0\u00bb.vc_custom_1613628310411{margin-bottom: 0px !important;}\u00a0\u00bb]En tant qu\u2019entrepreneur g\u00e9n\u00e9ral et une entreprise de gestion de construction, qui exerce ses activit\u00e9s dans tout le Qu\u00e9bec et dans certaines r\u00e9gions de l\u2019Ontario, on sp\u00e9cialise dans la construction cl\u00e9 en main de b\u00e2timents industriels, institutionnels, commerciaux et r\u00e9sidentiels. Notre succ\u00e8s continu, d\u00e9coule de l\u2019ex\u00e9cution de travaux de qualit\u00e9, en temps r\u00e9el, \u00e0 des prix comp\u00e9titifs.<\/p>\n<p>Le d\u00e9veloppement de relations solides avec les clients s\u2019est av\u00e9r\u00e9 \u00eatre une formule efficace pour notre succ\u00e8s. La plupart de nos activit\u00e9s sont g\u00e9n\u00e9r\u00e9es gr\u00e2ce \u00e0 d\u2019innombrables r\u00e9f\u00e9rences. Nous nous engageons \u00e0 fournir des services de conception-construction, qui am\u00e9lioreront l\u2019exp\u00e9rience de nos clients en mati\u00e8re de construction et de d\u00e9veloppement. Notre exp\u00e9rience de plusieurs ann\u00e9es, nous a permis de travailler r\u00e9guli\u00e8rement dans la construction de b\u00e9ton, d\u2019acier et de bois, ainsi que dans l\u2019ex\u00e9cution de projets personnalis\u00e9s, pour notre client\u00e8le vari\u00e9e.<\/p>\n<p>Notre objectif est de susciter la confiance, en g\u00e9rant de mani\u00e8re professionnelle, chaque aspect de chaque projet. En utilisant les principes traditionnels de qualit\u00e9 et d\u2019int\u00e9grit\u00e9, nous sommes en mesure de collaborer avec les clients, d\u2019\u00e9tablir des relations et de d\u00e9passer les attentes. Nous maintenons les plus hauts niveaux de professionnalisme, d\u2019honn\u00eatet\u00e9 et d\u2019\u00e9quit\u00e9 avec ses fournisseurs, sous-traitants, associ\u00e9s et clients. Nous avons h\u00e2te de b\u00e2tir votre nouveau projet de construction.<\/p>\n<h3>Pass\u00e9, pr\u00e9sent et futur:<\/h3>\n<p>Depuis sa cr\u00e9ation, nous avons maintenu un niveau de professionnalisme au fil des ans. Dans une industrie remplie d&rsquo;innovation, nous honorons la fondation sur laquelle notre entreprise a \u00e9t\u00e9 construite et c\u00e9l\u00e9brons notre progression et notre avenir. Nous sommes compos\u00e9s d&rsquo;une \u00e9quipe enthousiaste et accomplie, qui fournit des comp\u00e9tences dans un environnement de construction aux multiples facettes.<\/p>\n<p>Alors qu&rsquo;une nouvelle g\u00e9n\u00e9ration et un nouveau chapitre \u00e9mergent, nous sommes impatients de continuer en tant qu\u2019extension des fondateurs et leurs principes. Nous respectons leur t\u00e9nacit\u00e9, leur patience, la qualit\u00e9 de leur travail. Nous voulons maintenir une croissance contr\u00f4l\u00e9e et un sens de la tradition.[\/vc_column_text][\/vc_column][vc_column width=\u00a0\u00bb1\/6&Prime;][\/vc_column][\/vc_row][vc_row][vc_column][mk_padding_divider size=\u00a0\u00bb120&Prime;][\/vc_column][\/vc_row]\n<\/div>","protected":false},"excerpt":{"rendered":"<p>[mk_page_section bg_image=\u00a0\u00bbhttps:\/\/triadconstruction.ca\/wp-content\/uploads\/2024\/08\/triad-construction-company-profile.jpg\u00a0\u00bb bg_position=\u00a0\u00bbcenter center\u00a0\u00bb bg_repeat=\u00a0\u00bbno-repeat\u00a0\u00bb bg_stretch=\u00a0\u00bbtrue\u00a0\u00bb video_color_mask=\u00a0\u00bb#000000&Prime; video_opacity=\u00a0\u00bb0.3&Prime; min_height=\u00a0\u00bb675&Prime; js_vertical_centered=\u00a0\u00bbtrue\u00a0\u00bb sidebar=\u00a0\u00bbsidebar-1&Prime;][vc_column][mk_fancy_title tag_name=\u00a0\u00bbh1&Prime; color=\u00a0\u00bb#ffffff\u00a0\u00bb size=\u00a0\u00bb65&Prime; force_font_size=\u00a0\u00bbtrue\u00a0\u00bb size_tablet=\u00a0\u00bb50&Prime; font_weight=\u00a0\u00bbbold\u00a0\u00bb txt_transform=\u00a0\u00bbnone\u00a0\u00bb font_family=\u00a0\u00bbnone\u00a0\u00bb align=\u00a0\u00bbcenter\u00a0\u00bb]Profil de l&rsquo;entreprise[\/mk_fancy_title][mk_padding_divider size=\u00a0\u00bb30&Prime;][mk_fancy_title tag_name=\u00a0\u00bbspan\u00a0\u00bb color=\u00a0\u00bb#ffffff\u00a0\u00bb size=\u00a0\u00bb30&Prime; force_font_size=\u00a0\u00bbtrue\u00a0\u00bb size_tablet=\u00a0\u00bb20&Prime; size_phone=\u00a0\u00bb20&Prime; font_weight=\u00a0\u00bb400&Prime; txt_transform=\u00a0\u00bbnone\u00a0\u00bb font_family=\u00a0\u00bbnone\u00a0\u00bb align=\u00a0\u00bbcenter\u00a0\u00bb]D\u00e9couvrez-nous[\/mk_fancy_title][\/vc_column][\/mk_page_section][vc_row][vc_column][mk_padding_divider size=\u00a0\u00bb120&Prime;][\/vc_column][\/vc_row][vc_row][vc_column width=\u00a0\u00bb1\/6&Prime;][\/vc_column][vc_column width=\u00a0\u00bb2\/3&Prime;][mk_fancy_title tag_name=\u00a0\u00bbh3&Prime; color=\u00a0\u00bb#222222&Prime; size=\u00a0\u00bb48&Prime; force_font_size=\u00a0\u00bbtrue\u00a0\u00bb size_tablet=\u00a0\u00bb35&Prime; font_weight=\u00a0\u00bb400&Prime; txt_transform=\u00a0\u00bbnone\u00a0\u00bb font_family=\u00a0\u00bbnone\u00a0\u00bb]G\u00e9n\u00e9ral:[\/mk_fancy_title][vc_column_text css=\u00a0\u00bb.vc_custom_1613628310411{margin-bottom: 0px !important;}\u00a0\u00bb]En tant qu\u2019entrepreneur g\u00e9n\u00e9ral et une entreprise de gestion [&hellip;]<\/p>\n","protected":false},"author":1,"featured_media":0,"parent":0,"menu_order":0,"comment_status":"closed","ping_status":"closed","template":"","meta":{"footnotes":""},"class_list":["post-986","page","type-page","status-publish","hentry"],"_links":{"self":[{"href":"https:\/\/triadconstruction.ca\/fr\/wp-json\/wp\/v2\/pages\/986","targetHints":{"allow":["GET"]}}],"collection":[{"href":"https:\/\/triadconstruction.ca\/fr\/wp-json\/wp\/v2\/pages"}],"about":[{"href":"https:\/\/triadconstruction.ca\/fr\/wp-json\/wp\/v2\/types\/page"}],"author":[{"embeddable":true,"href":"https:\/\/triadconstruction.ca\/fr\/wp-json\/wp\/v2\/users\/1"}],"replies":[{"embeddable":true,"href":"https:\/\/triadconstruction.ca\/fr\/wp-json\/wp\/v2\/comments?post=986"}],"version-history":[{"count":10,"href":"https:\/\/triadconstruction.ca\/fr\/wp-json\/wp\/v2\/pages\/986\/revisions"}],"predecessor-version":[{"id":1713,"href":"https:\/\/triadconstruction.ca\/fr\/wp-json\/wp\/v2\/pages\/986\/revisions\/1713"}],"wp:attachment":[{"href":"https:\/\/triadconstruction.ca\/fr\/wp-json\/wp\/v2\/media?parent=986"}],"curies":[{"name":"wp","href":"https:\/\/api.w.org\/{rel}","templated":true}]}}